{"id":160,"date":"2020-08-26T12:05:37","date_gmt":"2020-08-26T10:05:37","guid":{"rendered":"https:\/\/kreative-atelier.foreman.studio\/?page_id=160"},"modified":"2020-09-01T16:46:02","modified_gmt":"2020-09-01T14:46:02","slug":"kreative-joinery","status":"publish","type":"page","link":"https:\/\/kreative-atelier.foreman.studio\/en\/kreative-joinery\/","title":{"rendered":"Kreative Joinery"},"content":{"rendered":"","protected":false},"excerpt":{"rendered":"","protected":false},"author":1,"featured_media":0,"parent":0,"menu_order":0,"comment_status":"closed","ping_status":"closed","template":"joinery.php","meta":{"footnotes":""},"class_list":["post-160","page","type-page","status-publish","hentry","entry"],"yoast_head":"<!-- This site is optimized with the Yoast SEO plugin v24.5 - https:\/\/yoast.com\/wordpress\/plugins\/seo\/ -->\n<title>Kreative Joinery - Kreative Atelier<\/title>\n<meta name=\"description\" content=\"Naszym celem jest realizacja indywidualnych i niepowtarzalnych projekt\u00f3w. Kreative Joinery powsta\u0142o z naszego zami\u0142owania do perfekcji. W naszej ofercie znajd\u0105 Pa\u0144stwo:\" \/>\n<meta name=\"robots\" content=\"noindex, follow, max-snippet:-1, max-image-preview:large, max-video-preview:-1\" \/>\n<meta property=\"og:locale\" content=\"en_GB\" \/>\n<meta property=\"og:type\" content=\"article\" \/>\n<meta property=\"og:title\" content=\"Kreative Joinery - Kreative Atelier\" \/>\n<meta property=\"og:description\" content=\"Naszym celem jest realizacja indywidualnych i niepowtarzalnych projekt\u00f3w. Kreative Joinery powsta\u0142o z naszego zami\u0142owania do perfekcji. W naszej ofercie znajd\u0105 Pa\u0144stwo:\" \/>\n<meta property=\"og:url\" content=\"https:\/\/kreative-atelier.foreman.studio\/en\/kreative-joinery\/\" \/>\n<meta property=\"og:site_name\" content=\"Kreative Atelier\" \/>\n<meta property=\"article:modified_time\" content=\"2020-09-01T14:46:02+00:00\" \/>\n<meta name=\"twitter:card\" content=\"summary_large_image\" \/>\n<script type=\"application\/ld+json\" class=\"yoast-schema-graph\">{\"@context\":\"https:\/\/schema.org\",\"@graph\":[{\"@type\":\"WebPage\",\"@id\":\"https:\/\/kreative-atelier.foreman.studio\/kreative-joinery\/\",\"url\":\"https:\/\/kreative-atelier.foreman.studio\/kreative-joinery\/\",\"name\":\"Kreative Joinery - Kreative Atelier\",\"isPartOf\":{\"@id\":\"https:\/\/kreative-atelier.foreman.studio\/#website\"},\"datePublished\":\"2020-08-26T10:05:37+00:00\",\"dateModified\":\"2020-09-01T14:46:02+00:00\",\"description\":\"Naszym celem jest realizacja indywidualnych i niepowtarzalnych projekt\u00f3w. Kreative Joinery powsta\u0142o z naszego zami\u0142owania do perfekcji. W naszej ofercie znajd\u0105 Pa\u0144stwo:\",\"breadcrumb\":{\"@id\":\"https:\/\/kreative-atelier.foreman.studio\/kreative-joinery\/#breadcrumb\"},\"inLanguage\":\"en-GB\",\"potentialAction\":[{\"@type\":\"ReadAction\",\"target\":[\"https:\/\/kreative-atelier.foreman.studio\/kreative-joinery\/\"]}]},{\"@type\":\"BreadcrumbList\",\"@id\":\"https:\/\/kreative-atelier.foreman.studio\/kreative-joinery\/#breadcrumb\",\"itemListElement\":[{\"@type\":\"ListItem\",\"position\":1,\"name\":\"Strona g\u0142\u00f3wna\",\"item\":\"https:\/\/kreative-atelier.foreman.studio\/\"},{\"@type\":\"ListItem\",\"position\":2,\"name\":\"Kreative Joinery\"}]},{\"@type\":\"WebSite\",\"@id\":\"https:\/\/kreative-atelier.foreman.studio\/#website\",\"url\":\"https:\/\/kreative-atelier.foreman.studio\/\",\"name\":\"Kreative Atelier\",\"description\":\"\",\"publisher\":{\"@id\":\"https:\/\/kreative-atelier.foreman.studio\/#organization\"},\"potentialAction\":[{\"@type\":\"SearchAction\",\"target\":{\"@type\":\"EntryPoint\",\"urlTemplate\":\"https:\/\/kreative-atelier.foreman.studio\/?s={search_term_string}\"},\"query-input\":{\"@type\":\"PropertyValueSpecification\",\"valueRequired\":true,\"valueName\":\"search_term_string\"}}],\"inLanguage\":\"en-GB\"},{\"@type\":\"Organization\",\"@id\":\"https:\/\/kreative-atelier.foreman.studio\/#organization\",\"name\":\"Kreative Atelier\",\"url\":\"https:\/\/kreative-atelier.foreman.studio\/\",\"logo\":{\"@type\":\"ImageObject\",\"inLanguage\":\"en-GB\",\"@id\":\"https:\/\/kreative-atelier.foreman.studio\/#\/schema\/logo\/image\/\",\"url\":\"https:\/\/kreative-atelier.foreman.studio\/wp-content\/uploads\/2020\/08\/logo.svg\",\"contentUrl\":\"https:\/\/kreative-atelier.foreman.studio\/wp-content\/uploads\/2020\/08\/logo.svg\",\"caption\":\"Kreative Atelier\"},\"image\":{\"@id\":\"https:\/\/kreative-atelier.foreman.studio\/#\/schema\/logo\/image\/\"}}]}<\/script>\n<!-- \/ Yoast SEO plugin. -->","yoast_head_json":{"title":"Kreative Joinery - Kreative Atelier","description":"Naszym celem jest realizacja indywidualnych i niepowtarzalnych projekt\u00f3w. Kreative Joinery powsta\u0142o z naszego zami\u0142owania do perfekcji. W naszej ofercie znajd\u0105 Pa\u0144stwo:","robots":{"index":"noindex","follow":"follow","max-snippet":"max-snippet:-1","max-image-preview":"max-image-preview:large","max-video-preview":"max-video-preview:-1"},"og_locale":"en_GB","og_type":"article","og_title":"Kreative Joinery - Kreative Atelier","og_description":"Naszym celem jest realizacja indywidualnych i niepowtarzalnych projekt\u00f3w. Kreative Joinery powsta\u0142o z naszego zami\u0142owania do perfekcji. W naszej ofercie znajd\u0105 Pa\u0144stwo:","og_url":"https:\/\/kreative-atelier.foreman.studio\/en\/kreative-joinery\/","og_site_name":"Kreative Atelier","article_modified_time":"2020-09-01T14:46:02+00:00","twitter_card":"summary_large_image","schema":{"@context":"https:\/\/schema.org","@graph":[{"@type":"WebPage","@id":"https:\/\/kreative-atelier.foreman.studio\/kreative-joinery\/","url":"https:\/\/kreative-atelier.foreman.studio\/kreative-joinery\/","name":"Kreative Joinery - Kreative Atelier","isPartOf":{"@id":"https:\/\/kreative-atelier.foreman.studio\/#website"},"datePublished":"2020-08-26T10:05:37+00:00","dateModified":"2020-09-01T14:46:02+00:00","description":"Naszym celem jest realizacja indywidualnych i niepowtarzalnych projekt\u00f3w. Kreative Joinery powsta\u0142o z naszego zami\u0142owania do perfekcji. W naszej ofercie znajd\u0105 Pa\u0144stwo:","breadcrumb":{"@id":"https:\/\/kreative-atelier.foreman.studio\/kreative-joinery\/#breadcrumb"},"inLanguage":"en-GB","potentialAction":[{"@type":"ReadAction","target":["https:\/\/kreative-atelier.foreman.studio\/kreative-joinery\/"]}]},{"@type":"BreadcrumbList","@id":"https:\/\/kreative-atelier.foreman.studio\/kreative-joinery\/#breadcrumb","itemListElement":[{"@type":"ListItem","position":1,"name":"Strona g\u0142\u00f3wna","item":"https:\/\/kreative-atelier.foreman.studio\/"},{"@type":"ListItem","position":2,"name":"Kreative Joinery"}]},{"@type":"WebSite","@id":"https:\/\/kreative-atelier.foreman.studio\/#website","url":"https:\/\/kreative-atelier.foreman.studio\/","name":"Kreative Atelier","description":"","publisher":{"@id":"https:\/\/kreative-atelier.foreman.studio\/#organization"},"potentialAction":[{"@type":"SearchAction","target":{"@type":"EntryPoint","urlTemplate":"https:\/\/kreative-atelier.foreman.studio\/?s={search_term_string}"},"query-input":{"@type":"PropertyValueSpecification","valueRequired":true,"valueName":"search_term_string"}}],"inLanguage":"en-GB"},{"@type":"Organization","@id":"https:\/\/kreative-atelier.foreman.studio\/#organization","name":"Kreative Atelier","url":"https:\/\/kreative-atelier.foreman.studio\/","logo":{"@type":"ImageObject","inLanguage":"en-GB","@id":"https:\/\/kreative-atelier.foreman.studio\/#\/schema\/logo\/image\/","url":"https:\/\/kreative-atelier.foreman.studio\/wp-content\/uploads\/2020\/08\/logo.svg","contentUrl":"https:\/\/kreative-atelier.foreman.studio\/wp-content\/uploads\/2020\/08\/logo.svg","caption":"Kreative Atelier"},"image":{"@id":"https:\/\/kreative-atelier.foreman.studio\/#\/schema\/logo\/image\/"}}]}},"_links":{"self":[{"href":"https:\/\/kreative-atelier.foreman.studio\/en\/wp-json\/wp\/v2\/pages\/160","targetHints":{"allow":["GET"]}}],"collection":[{"href":"https:\/\/kreative-atelier.foreman.studio\/en\/wp-json\/wp\/v2\/pages"}],"about":[{"href":"https:\/\/kreative-atelier.foreman.studio\/en\/wp-json\/wp\/v2\/types\/page"}],"author":[{"embeddable":true,"href":"https:\/\/kreative-atelier.foreman.studio\/en\/wp-json\/wp\/v2\/users\/1"}],"replies":[{"embeddable":true,"href":"https:\/\/kreative-atelier.foreman.studio\/en\/wp-json\/wp\/v2\/comments?post=160"}],"version-history":[{"count":6,"href":"https:\/\/kreative-atelier.foreman.studio\/en\/wp-json\/wp\/v2\/pages\/160\/revisions"}],"predecessor-version":[{"id":237,"href":"https:\/\/kreative-atelier.foreman.studio\/en\/wp-json\/wp\/v2\/pages\/160\/revisions\/237"}],"wp:attachment":[{"href":"https:\/\/kreative-atelier.foreman.studio\/en\/wp-json\/wp\/v2\/media?parent=160"}],"curies":[{"name":"wp","href":"https:\/\/api.w.org\/{rel}","templated":true}]}}