{"id":210,"date":"2020-08-27T12:29:38","date_gmt":"2020-08-27T10:29:38","guid":{"rendered":"https:\/\/kreative-atelier.foreman.studio\/?page_id=210"},"modified":"2020-09-23T11:13:10","modified_gmt":"2020-09-23T09:13:10","slug":"kontakt","status":"publish","type":"page","link":"https:\/\/kreative-atelier.foreman.studio\/en\/kontakt\/","title":{"rendered":"Kontakt"},"content":{"rendered":"","protected":false},"excerpt":{"rendered":"","protected":false},"author":1,"featured_media":0,"parent":0,"menu_order":0,"comment_status":"closed","ping_status":"closed","template":"contact.php","meta":{"footnotes":""},"class_list":["post-210","page","type-page","status-publish","hentry","entry"],"yoast_head":"<!-- This site is optimized with the Yoast SEO plugin v24.5 - https:\/\/yoast.com\/wordpress\/plugins\/seo\/ -->\n<title>Kontakt - Kreative Atelier<\/title>\n<meta name=\"description\" content=\"Wizja Kreative Atelier to przede wszystkim kompleksowo\u015b\u0107 i oryginalno\u015b\u0107 projekt\u00f3w. Wierzymy w wysok\u0105 jako\u015b\u0107 oraz niepowtarzalno\u015b\u0107. Skontaktuj si\u0119 z nami.\" \/>\n<meta name=\"robots\" content=\"noindex, follow, max-snippet:-1, max-image-preview:large, max-video-preview:-1\" \/>\n<meta property=\"og:locale\" content=\"en_GB\" \/>\n<meta property=\"og:type\" content=\"article\" \/>\n<meta property=\"og:title\" content=\"Kontakt - Kreative Atelier\" \/>\n<meta property=\"og:description\" content=\"Wizja Kreative Atelier to przede wszystkim kompleksowo\u015b\u0107 i oryginalno\u015b\u0107 projekt\u00f3w. Wierzymy w wysok\u0105 jako\u015b\u0107 oraz niepowtarzalno\u015b\u0107. Skontaktuj si\u0119 z nami.\" \/>\n<meta property=\"og:url\" content=\"https:\/\/kreative-atelier.foreman.studio\/en\/kontakt\/\" \/>\n<meta property=\"og:site_name\" content=\"Kreative Atelier\" \/>\n<meta property=\"article:modified_time\" content=\"2020-09-23T09:13:10+00:00\" \/>\n<meta name=\"twitter:card\" content=\"summary_large_image\" \/>\n<script type=\"application\/ld+json\" class=\"yoast-schema-graph\">{\"@context\":\"https:\/\/schema.org\",\"@graph\":[{\"@type\":\"WebPage\",\"@id\":\"https:\/\/kreative-atelier.foreman.studio\/kontakt\/\",\"url\":\"https:\/\/kreative-atelier.foreman.studio\/kontakt\/\",\"name\":\"Kontakt - Kreative Atelier\",\"isPartOf\":{\"@id\":\"https:\/\/kreative-atelier.foreman.studio\/#website\"},\"datePublished\":\"2020-08-27T10:29:38+00:00\",\"dateModified\":\"2020-09-23T09:13:10+00:00\",\"description\":\"Wizja Kreative Atelier to przede wszystkim kompleksowo\u015b\u0107 i oryginalno\u015b\u0107 projekt\u00f3w. Wierzymy w wysok\u0105 jako\u015b\u0107 oraz niepowtarzalno\u015b\u0107. Skontaktuj si\u0119 z nami.\",\"breadcrumb\":{\"@id\":\"https:\/\/kreative-atelier.foreman.studio\/kontakt\/#breadcrumb\"},\"inLanguage\":\"en-GB\",\"potentialAction\":[{\"@type\":\"ReadAction\",\"target\":[\"https:\/\/kreative-atelier.foreman.studio\/kontakt\/\"]}]},{\"@type\":\"BreadcrumbList\",\"@id\":\"https:\/\/kreative-atelier.foreman.studio\/kontakt\/#breadcrumb\",\"itemListElement\":[{\"@type\":\"ListItem\",\"position\":1,\"name\":\"Strona g\u0142\u00f3wna\",\"item\":\"https:\/\/kreative-atelier.foreman.studio\/\"},{\"@type\":\"ListItem\",\"position\":2,\"name\":\"Kontakt\"}]},{\"@type\":\"WebSite\",\"@id\":\"https:\/\/kreative-atelier.foreman.studio\/#website\",\"url\":\"https:\/\/kreative-atelier.foreman.studio\/\",\"name\":\"Kreative Atelier\",\"description\":\"\",\"publisher\":{\"@id\":\"https:\/\/kreative-atelier.foreman.studio\/#organization\"},\"potentialAction\":[{\"@type\":\"SearchAction\",\"target\":{\"@type\":\"EntryPoint\",\"urlTemplate\":\"https:\/\/kreative-atelier.foreman.studio\/?s={search_term_string}\"},\"query-input\":{\"@type\":\"PropertyValueSpecification\",\"valueRequired\":true,\"valueName\":\"search_term_string\"}}],\"inLanguage\":\"en-GB\"},{\"@type\":\"Organization\",\"@id\":\"https:\/\/kreative-atelier.foreman.studio\/#organization\",\"name\":\"Kreative Atelier\",\"url\":\"https:\/\/kreative-atelier.foreman.studio\/\",\"logo\":{\"@type\":\"ImageObject\",\"inLanguage\":\"en-GB\",\"@id\":\"https:\/\/kreative-atelier.foreman.studio\/#\/schema\/logo\/image\/\",\"url\":\"https:\/\/kreative-atelier.foreman.studio\/wp-content\/uploads\/2020\/08\/logo.svg\",\"contentUrl\":\"https:\/\/kreative-atelier.foreman.studio\/wp-content\/uploads\/2020\/08\/logo.svg\",\"caption\":\"Kreative Atelier\"},\"image\":{\"@id\":\"https:\/\/kreative-atelier.foreman.studio\/#\/schema\/logo\/image\/\"}}]}<\/script>\n<!-- \/ Yoast SEO plugin. -->","yoast_head_json":{"title":"Kontakt - Kreative Atelier","description":"Wizja Kreative Atelier to przede wszystkim kompleksowo\u015b\u0107 i oryginalno\u015b\u0107 projekt\u00f3w. Wierzymy w wysok\u0105 jako\u015b\u0107 oraz niepowtarzalno\u015b\u0107. Skontaktuj si\u0119 z nami.","robots":{"index":"noindex","follow":"follow","max-snippet":"max-snippet:-1","max-image-preview":"max-image-preview:large","max-video-preview":"max-video-preview:-1"},"og_locale":"en_GB","og_type":"article","og_title":"Kontakt - Kreative Atelier","og_description":"Wizja Kreative Atelier to przede wszystkim kompleksowo\u015b\u0107 i oryginalno\u015b\u0107 projekt\u00f3w. Wierzymy w wysok\u0105 jako\u015b\u0107 oraz niepowtarzalno\u015b\u0107. Skontaktuj si\u0119 z nami.","og_url":"https:\/\/kreative-atelier.foreman.studio\/en\/kontakt\/","og_site_name":"Kreative Atelier","article_modified_time":"2020-09-23T09:13:10+00:00","twitter_card":"summary_large_image","schema":{"@context":"https:\/\/schema.org","@graph":[{"@type":"WebPage","@id":"https:\/\/kreative-atelier.foreman.studio\/kontakt\/","url":"https:\/\/kreative-atelier.foreman.studio\/kontakt\/","name":"Kontakt - Kreative Atelier","isPartOf":{"@id":"https:\/\/kreative-atelier.foreman.studio\/#website"},"datePublished":"2020-08-27T10:29:38+00:00","dateModified":"2020-09-23T09:13:10+00:00","description":"Wizja Kreative Atelier to przede wszystkim kompleksowo\u015b\u0107 i oryginalno\u015b\u0107 projekt\u00f3w. Wierzymy w wysok\u0105 jako\u015b\u0107 oraz niepowtarzalno\u015b\u0107. Skontaktuj si\u0119 z nami.","breadcrumb":{"@id":"https:\/\/kreative-atelier.foreman.studio\/kontakt\/#breadcrumb"},"inLanguage":"en-GB","potentialAction":[{"@type":"ReadAction","target":["https:\/\/kreative-atelier.foreman.studio\/kontakt\/"]}]},{"@type":"BreadcrumbList","@id":"https:\/\/kreative-atelier.foreman.studio\/kontakt\/#breadcrumb","itemListElement":[{"@type":"ListItem","position":1,"name":"Strona g\u0142\u00f3wna","item":"https:\/\/kreative-atelier.foreman.studio\/"},{"@type":"ListItem","position":2,"name":"Kontakt"}]},{"@type":"WebSite","@id":"https:\/\/kreative-atelier.foreman.studio\/#website","url":"https:\/\/kreative-atelier.foreman.studio\/","name":"Kreative Atelier","description":"","publisher":{"@id":"https:\/\/kreative-atelier.foreman.studio\/#organization"},"potentialAction":[{"@type":"SearchAction","target":{"@type":"EntryPoint","urlTemplate":"https:\/\/kreative-atelier.foreman.studio\/?s={search_term_string}"},"query-input":{"@type":"PropertyValueSpecification","valueRequired":true,"valueName":"search_term_string"}}],"inLanguage":"en-GB"},{"@type":"Organization","@id":"https:\/\/kreative-atelier.foreman.studio\/#organization","name":"Kreative Atelier","url":"https:\/\/kreative-atelier.foreman.studio\/","logo":{"@type":"ImageObject","inLanguage":"en-GB","@id":"https:\/\/kreative-atelier.foreman.studio\/#\/schema\/logo\/image\/","url":"https:\/\/kreative-atelier.foreman.studio\/wp-content\/uploads\/2020\/08\/logo.svg","contentUrl":"https:\/\/kreative-atelier.foreman.studio\/wp-content\/uploads\/2020\/08\/logo.svg","caption":"Kreative Atelier"},"image":{"@id":"https:\/\/kreative-atelier.foreman.studio\/#\/schema\/logo\/image\/"}}]}},"_links":{"self":[{"href":"https:\/\/kreative-atelier.foreman.studio\/en\/wp-json\/wp\/v2\/pages\/210","targetHints":{"allow":["GET"]}}],"collection":[{"href":"https:\/\/kreative-atelier.foreman.studio\/en\/wp-json\/wp\/v2\/pages"}],"about":[{"href":"https:\/\/kreative-atelier.foreman.studio\/en\/wp-json\/wp\/v2\/types\/page"}],"author":[{"embeddable":true,"href":"https:\/\/kreative-atelier.foreman.studio\/en\/wp-json\/wp\/v2\/users\/1"}],"replies":[{"embeddable":true,"href":"https:\/\/kreative-atelier.foreman.studio\/en\/wp-json\/wp\/v2\/comments?post=210"}],"version-history":[{"count":5,"href":"https:\/\/kreative-atelier.foreman.studio\/en\/wp-json\/wp\/v2\/pages\/210\/revisions"}],"predecessor-version":[{"id":284,"href":"https:\/\/kreative-atelier.foreman.studio\/en\/wp-json\/wp\/v2\/pages\/210\/revisions\/284"}],"wp:attachment":[{"href":"https:\/\/kreative-atelier.foreman.studio\/en\/wp-json\/wp\/v2\/media?parent=210"}],"curies":[{"name":"wp","href":"https:\/\/api.w.org\/{rel}","templated":true}]}}