{"id":49,"date":"2020-08-25T12:04:01","date_gmt":"2020-08-25T10:04:01","guid":{"rendered":"https:\/\/kreative-atelier.foreman.studio\/?page_id=49"},"modified":"2020-09-23T11:06:33","modified_gmt":"2020-09-23T09:06:33","slug":"onas","status":"publish","type":"page","link":"https:\/\/kreative-atelier.foreman.studio\/en\/onas\/","title":{"rendered":"O nas"},"content":{"rendered":"","protected":false},"excerpt":{"rendered":"","protected":false},"author":1,"featured_media":0,"parent":0,"menu_order":0,"comment_status":"closed","ping_status":"closed","template":"about.php","meta":{"footnotes":""},"class_list":["post-49","page","type-page","status-publish","hentry","entry"],"yoast_head":"<!-- This site is optimized with the Yoast SEO plugin v24.5 - https:\/\/yoast.com\/wordpress\/plugins\/seo\/ -->\n<title>O nas - Kreative Atelier<\/title>\n<meta name=\"description\" content=\"Kreative Atelier jest odpowiedzi\u0105 na potrzeby wsp\u00f3\u0142czesnego sektora budowlanego. Stawiamy przede wszystkim na jako\u015b\u0107 i efekt, dlatego nasza firma specjalizuje si\u0119 w kompleksowym projektowaniu wn\u0119trz \u015bwiadcz\u0105c us\u0142ugi na najwy\u017cszym poziomie. Realizujemy inwestycje na ka\u017cdym etapie ich powstawania, od projektu poprzez aran\u017cacj\u0119, zakup materia\u0142\u00f3w i wyko\u0144czenie.\" \/>\n<meta name=\"robots\" content=\"noindex, follow, max-snippet:-1, max-image-preview:large, max-video-preview:-1\" \/>\n<meta property=\"og:locale\" content=\"en_GB\" \/>\n<meta property=\"og:type\" content=\"article\" \/>\n<meta property=\"og:title\" content=\"O nas - Kreative Atelier\" \/>\n<meta property=\"og:description\" content=\"Kreative Atelier jest odpowiedzi\u0105 na potrzeby wsp\u00f3\u0142czesnego sektora budowlanego. Stawiamy przede wszystkim na jako\u015b\u0107 i efekt, dlatego nasza firma specjalizuje si\u0119 w kompleksowym projektowaniu wn\u0119trz \u015bwiadcz\u0105c us\u0142ugi na najwy\u017cszym poziomie. Realizujemy inwestycje na ka\u017cdym etapie ich powstawania, od projektu poprzez aran\u017cacj\u0119, zakup materia\u0142\u00f3w i wyko\u0144czenie.\" \/>\n<meta property=\"og:url\" content=\"https:\/\/kreative-atelier.foreman.studio\/en\/onas\/\" \/>\n<meta property=\"og:site_name\" content=\"Kreative Atelier\" \/>\n<meta property=\"article:modified_time\" content=\"2020-09-23T09:06:33+00:00\" \/>\n<meta name=\"twitter:card\" content=\"summary_large_image\" \/>\n<script type=\"application\/ld+json\" class=\"yoast-schema-graph\">{\"@context\":\"https:\/\/schema.org\",\"@graph\":[{\"@type\":\"WebPage\",\"@id\":\"https:\/\/kreative-atelier.foreman.studio\/onas\/\",\"url\":\"https:\/\/kreative-atelier.foreman.studio\/onas\/\",\"name\":\"O nas - Kreative Atelier\",\"isPartOf\":{\"@id\":\"https:\/\/kreative-atelier.foreman.studio\/#website\"},\"datePublished\":\"2020-08-25T10:04:01+00:00\",\"dateModified\":\"2020-09-23T09:06:33+00:00\",\"description\":\"Kreative Atelier jest odpowiedzi\u0105 na potrzeby wsp\u00f3\u0142czesnego sektora budowlanego. Stawiamy przede wszystkim na jako\u015b\u0107 i efekt, dlatego nasza firma specjalizuje si\u0119 w kompleksowym projektowaniu wn\u0119trz \u015bwiadcz\u0105c us\u0142ugi na najwy\u017cszym poziomie. Realizujemy inwestycje na ka\u017cdym etapie ich powstawania, od projektu poprzez aran\u017cacj\u0119, zakup materia\u0142\u00f3w i wyko\u0144czenie.\",\"breadcrumb\":{\"@id\":\"https:\/\/kreative-atelier.foreman.studio\/onas\/#breadcrumb\"},\"inLanguage\":\"en-GB\",\"potentialAction\":[{\"@type\":\"ReadAction\",\"target\":[\"https:\/\/kreative-atelier.foreman.studio\/onas\/\"]}]},{\"@type\":\"BreadcrumbList\",\"@id\":\"https:\/\/kreative-atelier.foreman.studio\/onas\/#breadcrumb\",\"itemListElement\":[{\"@type\":\"ListItem\",\"position\":1,\"name\":\"Strona g\u0142\u00f3wna\",\"item\":\"https:\/\/kreative-atelier.foreman.studio\/\"},{\"@type\":\"ListItem\",\"position\":2,\"name\":\"O nas\"}]},{\"@type\":\"WebSite\",\"@id\":\"https:\/\/kreative-atelier.foreman.studio\/#website\",\"url\":\"https:\/\/kreative-atelier.foreman.studio\/\",\"name\":\"Kreative Atelier\",\"description\":\"\",\"publisher\":{\"@id\":\"https:\/\/kreative-atelier.foreman.studio\/#organization\"},\"potentialAction\":[{\"@type\":\"SearchAction\",\"target\":{\"@type\":\"EntryPoint\",\"urlTemplate\":\"https:\/\/kreative-atelier.foreman.studio\/?s={search_term_string}\"},\"query-input\":{\"@type\":\"PropertyValueSpecification\",\"valueRequired\":true,\"valueName\":\"search_term_string\"}}],\"inLanguage\":\"en-GB\"},{\"@type\":\"Organization\",\"@id\":\"https:\/\/kreative-atelier.foreman.studio\/#organization\",\"name\":\"Kreative Atelier\",\"url\":\"https:\/\/kreative-atelier.foreman.studio\/\",\"logo\":{\"@type\":\"ImageObject\",\"inLanguage\":\"en-GB\",\"@id\":\"https:\/\/kreative-atelier.foreman.studio\/#\/schema\/logo\/image\/\",\"url\":\"https:\/\/kreative-atelier.foreman.studio\/wp-content\/uploads\/2020\/08\/logo.svg\",\"contentUrl\":\"https:\/\/kreative-atelier.foreman.studio\/wp-content\/uploads\/2020\/08\/logo.svg\",\"caption\":\"Kreative Atelier\"},\"image\":{\"@id\":\"https:\/\/kreative-atelier.foreman.studio\/#\/schema\/logo\/image\/\"}}]}<\/script>\n<!-- \/ Yoast SEO plugin. -->","yoast_head_json":{"title":"O nas - Kreative Atelier","description":"Kreative Atelier jest odpowiedzi\u0105 na potrzeby wsp\u00f3\u0142czesnego sektora budowlanego. Stawiamy przede wszystkim na jako\u015b\u0107 i efekt, dlatego nasza firma specjalizuje si\u0119 w kompleksowym projektowaniu wn\u0119trz \u015bwiadcz\u0105c us\u0142ugi na najwy\u017cszym poziomie. Realizujemy inwestycje na ka\u017cdym etapie ich powstawania, od projektu poprzez aran\u017cacj\u0119, zakup materia\u0142\u00f3w i wyko\u0144czenie.","robots":{"index":"noindex","follow":"follow","max-snippet":"max-snippet:-1","max-image-preview":"max-image-preview:large","max-video-preview":"max-video-preview:-1"},"og_locale":"en_GB","og_type":"article","og_title":"O nas - Kreative Atelier","og_description":"Kreative Atelier jest odpowiedzi\u0105 na potrzeby wsp\u00f3\u0142czesnego sektora budowlanego. Stawiamy przede wszystkim na jako\u015b\u0107 i efekt, dlatego nasza firma specjalizuje si\u0119 w kompleksowym projektowaniu wn\u0119trz \u015bwiadcz\u0105c us\u0142ugi na najwy\u017cszym poziomie. Realizujemy inwestycje na ka\u017cdym etapie ich powstawania, od projektu poprzez aran\u017cacj\u0119, zakup materia\u0142\u00f3w i wyko\u0144czenie.","og_url":"https:\/\/kreative-atelier.foreman.studio\/en\/onas\/","og_site_name":"Kreative Atelier","article_modified_time":"2020-09-23T09:06:33+00:00","twitter_card":"summary_large_image","schema":{"@context":"https:\/\/schema.org","@graph":[{"@type":"WebPage","@id":"https:\/\/kreative-atelier.foreman.studio\/onas\/","url":"https:\/\/kreative-atelier.foreman.studio\/onas\/","name":"O nas - Kreative Atelier","isPartOf":{"@id":"https:\/\/kreative-atelier.foreman.studio\/#website"},"datePublished":"2020-08-25T10:04:01+00:00","dateModified":"2020-09-23T09:06:33+00:00","description":"Kreative Atelier jest odpowiedzi\u0105 na potrzeby wsp\u00f3\u0142czesnego sektora budowlanego. Stawiamy przede wszystkim na jako\u015b\u0107 i efekt, dlatego nasza firma specjalizuje si\u0119 w kompleksowym projektowaniu wn\u0119trz \u015bwiadcz\u0105c us\u0142ugi na najwy\u017cszym poziomie. Realizujemy inwestycje na ka\u017cdym etapie ich powstawania, od projektu poprzez aran\u017cacj\u0119, zakup materia\u0142\u00f3w i wyko\u0144czenie.","breadcrumb":{"@id":"https:\/\/kreative-atelier.foreman.studio\/onas\/#breadcrumb"},"inLanguage":"en-GB","potentialAction":[{"@type":"ReadAction","target":["https:\/\/kreative-atelier.foreman.studio\/onas\/"]}]},{"@type":"BreadcrumbList","@id":"https:\/\/kreative-atelier.foreman.studio\/onas\/#breadcrumb","itemListElement":[{"@type":"ListItem","position":1,"name":"Strona g\u0142\u00f3wna","item":"https:\/\/kreative-atelier.foreman.studio\/"},{"@type":"ListItem","position":2,"name":"O nas"}]},{"@type":"WebSite","@id":"https:\/\/kreative-atelier.foreman.studio\/#website","url":"https:\/\/kreative-atelier.foreman.studio\/","name":"Kreative Atelier","description":"","publisher":{"@id":"https:\/\/kreative-atelier.foreman.studio\/#organization"},"potentialAction":[{"@type":"SearchAction","target":{"@type":"EntryPoint","urlTemplate":"https:\/\/kreative-atelier.foreman.studio\/?s={search_term_string}"},"query-input":{"@type":"PropertyValueSpecification","valueRequired":true,"valueName":"search_term_string"}}],"inLanguage":"en-GB"},{"@type":"Organization","@id":"https:\/\/kreative-atelier.foreman.studio\/#organization","name":"Kreative Atelier","url":"https:\/\/kreative-atelier.foreman.studio\/","logo":{"@type":"ImageObject","inLanguage":"en-GB","@id":"https:\/\/kreative-atelier.foreman.studio\/#\/schema\/logo\/image\/","url":"https:\/\/kreative-atelier.foreman.studio\/wp-content\/uploads\/2020\/08\/logo.svg","contentUrl":"https:\/\/kreative-atelier.foreman.studio\/wp-content\/uploads\/2020\/08\/logo.svg","caption":"Kreative Atelier"},"image":{"@id":"https:\/\/kreative-atelier.foreman.studio\/#\/schema\/logo\/image\/"}}]}},"_links":{"self":[{"href":"https:\/\/kreative-atelier.foreman.studio\/en\/wp-json\/wp\/v2\/pages\/49","targetHints":{"allow":["GET"]}}],"collection":[{"href":"https:\/\/kreative-atelier.foreman.studio\/en\/wp-json\/wp\/v2\/pages"}],"about":[{"href":"https:\/\/kreative-atelier.foreman.studio\/en\/wp-json\/wp\/v2\/types\/page"}],"author":[{"embeddable":true,"href":"https:\/\/kreative-atelier.foreman.studio\/en\/wp-json\/wp\/v2\/users\/1"}],"replies":[{"embeddable":true,"href":"https:\/\/kreative-atelier.foreman.studio\/en\/wp-json\/wp\/v2\/comments?post=49"}],"version-history":[{"count":15,"href":"https:\/\/kreative-atelier.foreman.studio\/en\/wp-json\/wp\/v2\/pages\/49\/revisions"}],"predecessor-version":[{"id":276,"href":"https:\/\/kreative-atelier.foreman.studio\/en\/wp-json\/wp\/v2\/pages\/49\/revisions\/276"}],"wp:attachment":[{"href":"https:\/\/kreative-atelier.foreman.studio\/en\/wp-json\/wp\/v2\/media?parent=49"}],"curies":[{"name":"wp","href":"https:\/\/api.w.org\/{rel}","templated":true}]}}