{"id":6,"date":"2020-08-24T09:05:52","date_gmt":"2020-08-24T07:05:52","guid":{"rendered":"https:\/\/kreative-atelier.foreman.studio\/?page_id=6"},"modified":"2020-09-01T16:42:42","modified_gmt":"2020-09-01T14:42:42","slug":"strona-glowna","status":"publish","type":"page","link":"https:\/\/kreative-atelier.foreman.studio\/en\/","title":{"rendered":"Strona g\u0142\u00f3wna"},"content":{"rendered":"","protected":false},"excerpt":{"rendered":"","protected":false},"author":1,"featured_media":15,"parent":0,"menu_order":0,"comment_status":"closed","ping_status":"closed","template":"homepage.php","meta":{"footnotes":""},"class_list":["post-6","page","type-page","status-publish","has-post-thumbnail","hentry","entry"],"yoast_head":"<!-- This site is optimized with the Yoast SEO plugin v24.5 - https:\/\/yoast.com\/wordpress\/plugins\/seo\/ -->\n<title>Strona g\u0142\u00f3wna - Kreative Atelier<\/title>\n<meta name=\"description\" content=\"Kreative Atelier jest odpowiedzi\u0105 na potrzeby wsp\u00f3\u0142czesnego sektora budowlanego.Stawiamy przede wszystkim na jako\u015b\u0107 i efekt, dlatego nasza firma specjalizuje si\u0119 w kompleksowym projektowaniu wn\u0119trz \u015bwiadcz\u0105c us\u0142ugi na najwy\u017cszym poziomie. Realizujemy inwestycje na ka\u017cdym etapie ich powstawania, od projektu poprzez aran\u017cacj\u0119, zakup materia\u0142\u00f3w i wyko\u0144czenie.\" \/>\n<meta name=\"robots\" content=\"noindex, follow, max-snippet:-1, max-image-preview:large, max-video-preview:-1\" \/>\n<meta property=\"og:locale\" content=\"en_GB\" \/>\n<meta property=\"og:type\" content=\"article\" \/>\n<meta property=\"og:title\" content=\"Strona g\u0142\u00f3wna - Kreative Atelier\" \/>\n<meta property=\"og:description\" content=\"Kreative Atelier jest odpowiedzi\u0105 na potrzeby wsp\u00f3\u0142czesnego sektora budowlanego.Stawiamy przede wszystkim na jako\u015b\u0107 i efekt, dlatego nasza firma specjalizuje si\u0119 w kompleksowym projektowaniu wn\u0119trz \u015bwiadcz\u0105c us\u0142ugi na najwy\u017cszym poziomie. Realizujemy inwestycje na ka\u017cdym etapie ich powstawania, od projektu poprzez aran\u017cacj\u0119, zakup materia\u0142\u00f3w i wyko\u0144czenie.\" \/>\n<meta property=\"og:url\" content=\"https:\/\/kreative-atelier.foreman.studio\/en\/\" \/>\n<meta property=\"og:site_name\" content=\"Kreative Atelier\" \/>\n<meta property=\"article:modified_time\" content=\"2020-09-01T14:42:42+00:00\" \/>\n<meta property=\"og:image\" content=\"https:\/\/kreative-atelier.foreman.studio\/wp-content\/uploads\/2020\/08\/kreative-atelier.jpg\" \/>\n\t<meta property=\"og:image:width\" content=\"1920\" \/>\n\t<meta property=\"og:image:height\" content=\"500\" \/>\n\t<meta property=\"og:image:type\" content=\"image\/jpeg\" \/>\n<meta name=\"twitter:card\" content=\"summary_large_image\" \/>\n<script type=\"application\/ld+json\" class=\"yoast-schema-graph\">{\"@context\":\"https:\/\/schema.org\",\"@graph\":[{\"@type\":\"WebPage\",\"@id\":\"https:\/\/kreative-atelier.foreman.studio\/\",\"url\":\"https:\/\/kreative-atelier.foreman.studio\/\",\"name\":\"Strona g\u0142\u00f3wna - Kreative Atelier\",\"isPartOf\":{\"@id\":\"https:\/\/kreative-atelier.foreman.studio\/#website\"},\"primaryImageOfPage\":{\"@id\":\"https:\/\/kreative-atelier.foreman.studio\/#primaryimage\"},\"image\":{\"@id\":\"https:\/\/kreative-atelier.foreman.studio\/#primaryimage\"},\"thumbnailUrl\":\"https:\/\/kreative-atelier.foreman.studio\/wp-content\/uploads\/2020\/08\/kreative-atelier.jpg\",\"datePublished\":\"2020-08-24T07:05:52+00:00\",\"dateModified\":\"2020-09-01T14:42:42+00:00\",\"description\":\"Kreative Atelier jest odpowiedzi\u0105 na potrzeby wsp\u00f3\u0142czesnego sektora budowlanego.Stawiamy przede wszystkim na jako\u015b\u0107 i efekt, dlatego nasza firma specjalizuje si\u0119 w kompleksowym projektowaniu wn\u0119trz \u015bwiadcz\u0105c us\u0142ugi na najwy\u017cszym poziomie. Realizujemy inwestycje na ka\u017cdym etapie ich powstawania, od projektu poprzez aran\u017cacj\u0119, zakup materia\u0142\u00f3w i wyko\u0144czenie.\",\"breadcrumb\":{\"@id\":\"https:\/\/kreative-atelier.foreman.studio\/#breadcrumb\"},\"inLanguage\":\"en-GB\",\"potentialAction\":[{\"@type\":\"ReadAction\",\"target\":[\"https:\/\/kreative-atelier.foreman.studio\/\"]}]},{\"@type\":\"ImageObject\",\"inLanguage\":\"en-GB\",\"@id\":\"https:\/\/kreative-atelier.foreman.studio\/#primaryimage\",\"url\":\"https:\/\/kreative-atelier.foreman.studio\/wp-content\/uploads\/2020\/08\/kreative-atelier.jpg\",\"contentUrl\":\"https:\/\/kreative-atelier.foreman.studio\/wp-content\/uploads\/2020\/08\/kreative-atelier.jpg\",\"width\":1920,\"height\":500},{\"@type\":\"BreadcrumbList\",\"@id\":\"https:\/\/kreative-atelier.foreman.studio\/#breadcrumb\",\"itemListElement\":[{\"@type\":\"ListItem\",\"position\":1,\"name\":\"Strona g\u0142\u00f3wna\",\"item\":\"https:\/\/kreative-atelier.foreman.studio\/\"},{\"@type\":\"ListItem\",\"position\":2,\"name\":\"Strona g\u0142\u00f3wna\"}]},{\"@type\":\"WebSite\",\"@id\":\"https:\/\/kreative-atelier.foreman.studio\/#website\",\"url\":\"https:\/\/kreative-atelier.foreman.studio\/\",\"name\":\"Kreative Atelier\",\"description\":\"\",\"publisher\":{\"@id\":\"https:\/\/kreative-atelier.foreman.studio\/#organization\"},\"potentialAction\":[{\"@type\":\"SearchAction\",\"target\":{\"@type\":\"EntryPoint\",\"urlTemplate\":\"https:\/\/kreative-atelier.foreman.studio\/?s={search_term_string}\"},\"query-input\":{\"@type\":\"PropertyValueSpecification\",\"valueRequired\":true,\"valueName\":\"search_term_string\"}}],\"inLanguage\":\"en-GB\"},{\"@type\":\"Organization\",\"@id\":\"https:\/\/kreative-atelier.foreman.studio\/#organization\",\"name\":\"Kreative Atelier\",\"url\":\"https:\/\/kreative-atelier.foreman.studio\/\",\"logo\":{\"@type\":\"ImageObject\",\"inLanguage\":\"en-GB\",\"@id\":\"https:\/\/kreative-atelier.foreman.studio\/#\/schema\/logo\/image\/\",\"url\":\"https:\/\/kreative-atelier.foreman.studio\/wp-content\/uploads\/2020\/08\/logo.svg\",\"contentUrl\":\"https:\/\/kreative-atelier.foreman.studio\/wp-content\/uploads\/2020\/08\/logo.svg\",\"caption\":\"Kreative Atelier\"},\"image\":{\"@id\":\"https:\/\/kreative-atelier.foreman.studio\/#\/schema\/logo\/image\/\"}}]}<\/script>\n<!-- \/ Yoast SEO plugin. -->","yoast_head_json":{"title":"Strona g\u0142\u00f3wna - Kreative Atelier","description":"Kreative Atelier jest odpowiedzi\u0105 na potrzeby wsp\u00f3\u0142czesnego sektora budowlanego.Stawiamy przede wszystkim na jako\u015b\u0107 i efekt, dlatego nasza firma specjalizuje si\u0119 w kompleksowym projektowaniu wn\u0119trz \u015bwiadcz\u0105c us\u0142ugi na najwy\u017cszym poziomie. Realizujemy inwestycje na ka\u017cdym etapie ich powstawania, od projektu poprzez aran\u017cacj\u0119, zakup materia\u0142\u00f3w i wyko\u0144czenie.","robots":{"index":"noindex","follow":"follow","max-snippet":"max-snippet:-1","max-image-preview":"max-image-preview:large","max-video-preview":"max-video-preview:-1"},"og_locale":"en_GB","og_type":"article","og_title":"Strona g\u0142\u00f3wna - Kreative Atelier","og_description":"Kreative Atelier jest odpowiedzi\u0105 na potrzeby wsp\u00f3\u0142czesnego sektora budowlanego.Stawiamy przede wszystkim na jako\u015b\u0107 i efekt, dlatego nasza firma specjalizuje si\u0119 w kompleksowym projektowaniu wn\u0119trz \u015bwiadcz\u0105c us\u0142ugi na najwy\u017cszym poziomie. Realizujemy inwestycje na ka\u017cdym etapie ich powstawania, od projektu poprzez aran\u017cacj\u0119, zakup materia\u0142\u00f3w i wyko\u0144czenie.","og_url":"https:\/\/kreative-atelier.foreman.studio\/en\/","og_site_name":"Kreative Atelier","article_modified_time":"2020-09-01T14:42:42+00:00","og_image":[{"width":1920,"height":500,"url":"https:\/\/kreative-atelier.foreman.studio\/wp-content\/uploads\/2020\/08\/kreative-atelier.jpg","type":"image\/jpeg"}],"twitter_card":"summary_large_image","schema":{"@context":"https:\/\/schema.org","@graph":[{"@type":"WebPage","@id":"https:\/\/kreative-atelier.foreman.studio\/","url":"https:\/\/kreative-atelier.foreman.studio\/","name":"Strona g\u0142\u00f3wna - Kreative Atelier","isPartOf":{"@id":"https:\/\/kreative-atelier.foreman.studio\/#website"},"primaryImageOfPage":{"@id":"https:\/\/kreative-atelier.foreman.studio\/#primaryimage"},"image":{"@id":"https:\/\/kreative-atelier.foreman.studio\/#primaryimage"},"thumbnailUrl":"https:\/\/kreative-atelier.foreman.studio\/wp-content\/uploads\/2020\/08\/kreative-atelier.jpg","datePublished":"2020-08-24T07:05:52+00:00","dateModified":"2020-09-01T14:42:42+00:00","description":"Kreative Atelier jest odpowiedzi\u0105 na potrzeby wsp\u00f3\u0142czesnego sektora budowlanego.Stawiamy przede wszystkim na jako\u015b\u0107 i efekt, dlatego nasza firma specjalizuje si\u0119 w kompleksowym projektowaniu wn\u0119trz \u015bwiadcz\u0105c us\u0142ugi na najwy\u017cszym poziomie. Realizujemy inwestycje na ka\u017cdym etapie ich powstawania, od projektu poprzez aran\u017cacj\u0119, zakup materia\u0142\u00f3w i wyko\u0144czenie.","breadcrumb":{"@id":"https:\/\/kreative-atelier.foreman.studio\/#breadcrumb"},"inLanguage":"en-GB","potentialAction":[{"@type":"ReadAction","target":["https:\/\/kreative-atelier.foreman.studio\/"]}]},{"@type":"ImageObject","inLanguage":"en-GB","@id":"https:\/\/kreative-atelier.foreman.studio\/#primaryimage","url":"https:\/\/kreative-atelier.foreman.studio\/wp-content\/uploads\/2020\/08\/kreative-atelier.jpg","contentUrl":"https:\/\/kreative-atelier.foreman.studio\/wp-content\/uploads\/2020\/08\/kreative-atelier.jpg","width":1920,"height":500},{"@type":"BreadcrumbList","@id":"https:\/\/kreative-atelier.foreman.studio\/#breadcrumb","itemListElement":[{"@type":"ListItem","position":1,"name":"Strona g\u0142\u00f3wna","item":"https:\/\/kreative-atelier.foreman.studio\/"},{"@type":"ListItem","position":2,"name":"Strona g\u0142\u00f3wna"}]},{"@type":"WebSite","@id":"https:\/\/kreative-atelier.foreman.studio\/#website","url":"https:\/\/kreative-atelier.foreman.studio\/","name":"Kreative Atelier","description":"","publisher":{"@id":"https:\/\/kreative-atelier.foreman.studio\/#organization"},"potentialAction":[{"@type":"SearchAction","target":{"@type":"EntryPoint","urlTemplate":"https:\/\/kreative-atelier.foreman.studio\/?s={search_term_string}"},"query-input":{"@type":"PropertyValueSpecification","valueRequired":true,"valueName":"search_term_string"}}],"inLanguage":"en-GB"},{"@type":"Organization","@id":"https:\/\/kreative-atelier.foreman.studio\/#organization","name":"Kreative Atelier","url":"https:\/\/kreative-atelier.foreman.studio\/","logo":{"@type":"ImageObject","inLanguage":"en-GB","@id":"https:\/\/kreative-atelier.foreman.studio\/#\/schema\/logo\/image\/","url":"https:\/\/kreative-atelier.foreman.studio\/wp-content\/uploads\/2020\/08\/logo.svg","contentUrl":"https:\/\/kreative-atelier.foreman.studio\/wp-content\/uploads\/2020\/08\/logo.svg","caption":"Kreative Atelier"},"image":{"@id":"https:\/\/kreative-atelier.foreman.studio\/#\/schema\/logo\/image\/"}}]}},"_links":{"self":[{"href":"https:\/\/kreative-atelier.foreman.studio\/en\/wp-json\/wp\/v2\/pages\/6","targetHints":{"allow":["GET"]}}],"collection":[{"href":"https:\/\/kreative-atelier.foreman.studio\/en\/wp-json\/wp\/v2\/pages"}],"about":[{"href":"https:\/\/kreative-atelier.foreman.studio\/en\/wp-json\/wp\/v2\/types\/page"}],"author":[{"embeddable":true,"href":"https:\/\/kreative-atelier.foreman.studio\/en\/wp-json\/wp\/v2\/users\/1"}],"replies":[{"embeddable":true,"href":"https:\/\/kreative-atelier.foreman.studio\/en\/wp-json\/wp\/v2\/comments?post=6"}],"version-history":[{"count":20,"href":"https:\/\/kreative-atelier.foreman.studio\/en\/wp-json\/wp\/v2\/pages\/6\/revisions"}],"predecessor-version":[{"id":232,"href":"https:\/\/kreative-atelier.foreman.studio\/en\/wp-json\/wp\/v2\/pages\/6\/revisions\/232"}],"wp:featuredmedia":[{"embeddable":true,"href":"https:\/\/kreative-atelier.foreman.studio\/en\/wp-json\/wp\/v2\/media\/15"}],"wp:attachment":[{"href":"https:\/\/kreative-atelier.foreman.studio\/en\/wp-json\/wp\/v2\/media?parent=6"}],"curies":[{"name":"wp","href":"https:\/\/api.w.org\/{rel}","templated":true}]}}